{"id":12,"date":"2025-04-15T20:24:37","date_gmt":"2025-04-15T20:24:37","guid":{"rendered":"https:\/\/\/practice-areas\/"},"modified":"2025-06-01T09:53:27","modified_gmt":"2025-06-01T09:53:27","slug":"resources","status":"publish","type":"page","link":"https:\/\/srtrustinsurance.com\/es\/resources\/","title":{"rendered":"Recursos"},"content":{"rendered":"<div class=\"wp-block-uagb-container uagb-block-49d17bf2 alignfull uagb-is-root-container\"><div class=\"uagb-container-inner-blocks-wrap\">\n<div class=\"wp-block-uagb-info-box uagb-block-441dcefd uagb-infobox__content-wrap  uagb-infobox-icon-above-title uagb-infobox-image-valign-top wp-block-uagb-info-box--has-margin\"><div class=\"uagb-infobox-margin-wrapper\"><div class=\"uagb-ifb-content\"><div class=\"uagb-ifb-title-wrap\"><h1 class=\"uagb-ifb-title\">Bienvenidos a nuestro <mark style=\"background-color:rgba(0, 0, 0, 0);color:#ffffff\" class=\"has-inline-color\">Centro de Recursos<\/mark><\/h1><\/div><p class=\"uagb-ifb-desc\"><mark style=\"background-color:rgba(0, 0, 0, 0);color:#ffffff\" class=\"has-inline-color\"><mark style=\"background-color:rgba(0, 0, 0, 0);color:#ffffff\" class=\"has-inline-color\">Descubre videos \u00fatiles, gu\u00edas descargables y documentos esenciales, todo en un solo lugar. Ya sea que est\u00e9s aprendiendo sobre opciones de seguros o prepar\u00e1ndote para inscribirte, nuestros recursos est\u00e1n aqu\u00ed para ayudarte.<\/mark><\/mark><\/p><\/div><\/div><\/div>\n<\/div><\/div>\n\n\n\n<div class=\"wp-block-uagb-container uagb-block-beb3ac1d alignfull uagb-is-root-container\"><div class=\"uagb-container-inner-blocks-wrap\">\n<div class=\"wp-block-uagb-info-box uagb-block-fb3f8749 uagb-infobox__content-wrap  uagb-infobox-icon-above-title uagb-infobox-image-valign-top wp-block-uagb-info-box--has-margin\"><div class=\"uagb-infobox-margin-wrapper\"><div class=\"uagb-ifb-content\"><div class=\"uagb-ifb-title-wrap\"><div class=\"uagb-ifb-separator\"><\/div><h2 class=\"uagb-ifb-title\">\ud83d\udcfa <strong>V\u00eddeos de aprendizaje sobre seguros<\/strong><\/h2><\/div><p class=\"uagb-ifb-desc\">Explore nuestra colecci\u00f3n de v\u00eddeos f\u00e1ciles de seguir en los que tratamos temas relacionados con los seguros, respondemos a preguntas habituales y le ayudamos a tomar decisiones seguras sobre su cobertura. Tanto si eres nuevo en el mundo de los seguros como si solo quieres saber m\u00e1s, estos breves v\u00eddeos est\u00e1n aqu\u00ed para guiarte.<\/p><\/div><\/div><\/div>\n\n\n\n<div class=\"wp-block-uagb-container uagb-layout-grid uagb-block-8c2eeb09\">\n<div class=\"wp-block-uagb-container uagb-block-b17750bc\">\n<div class=\"wp-block-uagb-info-box uagb-block-3e20adad uagb-infobox__content-wrap  uagb-infobox-icon-above-title uagb-infobox-image-valign-top wp-block-uagb-info-box--has-margin\"><div class=\"uagb-infobox-margin-wrapper\"><div class=\"uagb-ifb-content\"><div class=\"uagb-ifb-title-wrap\"><h4 class=\"uagb-ifb-title\">Deducibles de Medicare para medicamentos recetados<\/h4><\/div><p class=\"uagb-ifb-desc\">Deducibles de Medicare para medicamentos recetados<\/p><\/div><\/div><\/div>\n\n\n\n<figure class=\"wp-block-video video-container\"><video controls src=\"https:\/\/srtrustinsurance.com\/wp-content\/uploads\/2025\/04\/P1788552_MMC_PartD_Deductibles_Video_CC.mp4\"><\/video><\/figure>\n<\/div>\n\n\n\n<div class=\"wp-block-uagb-container uagb-block-2351023e\">\n<div class=\"wp-block-uagb-info-box uagb-block-9a8ba898 uagb-infobox__content-wrap  uagb-infobox-icon-above-title uagb-infobox-image-valign-top wp-block-uagb-info-box--has-margin\"><div class=\"uagb-infobox-margin-wrapper\"><div class=\"uagb-ifb-content\"><div class=\"uagb-ifb-title-wrap\"><h4 class=\"uagb-ifb-title\">Video Educativo 101 Medicare 2025<\/h4><\/div><p class=\"uagb-ifb-desc\">Este video explica la eligibilidad, costos y opciones de cobertura<\/p><\/div><\/div><\/div>\n\n\n\n<div id=\"video-container\"><\/div>\n\n<script>\n  const lang = document.documentElement.lang;\n\n  const videoContainer = document.getElementById('video-container');\n\n  if (lang === 'es' || lang === 'es-ES') {\n    videoContainer.innerHTML = `<iframe loading=\"lazy\" src=\"https:\/\/player.vimeo.com\/video\/998790748\" width=\"100%\" height=\"360\" frameborder=\"0\" allowfullscreen><\/iframe>`;\n  } else {\n    videoContainer.innerHTML = `<iframe loading=\"lazy\" src=\"https:\/\/player.vimeo.com\/video\/996782721\" width=\"100%\" height=\"360\" frameborder=\"0\" allowfullscreen><\/iframe>`;\n  }\n<\/script>\n<\/div>\n<\/div>\n<\/div><\/div>\n\n\n\n<p><\/p>\n\n\n\n<div class=\"wp-block-uagb-container uagb-block-9b062e0c alignfull uagb-is-root-container\"><div class=\"uagb-container-inner-blocks-wrap\">\n<div class=\"wp-block-uagb-info-box uagb-block-77259a78 uagb-infobox__content-wrap  uagb-infobox-icon-above-title uagb-infobox-image-valign-top\"><div class=\"uagb-ifb-content\"><div class=\"uagb-ifb-title-wrap\"><div class=\"uagb-ifb-separator\"><\/div><h3 class=\"uagb-ifb-title\">\ud83d\udcd8 Biblioteca de Documentos<\/h3><\/div><p class=\"uagb-ifb-desc\">\u00bfBuscas formularios importantes, folletos o informaci\u00f3n detallada?\nEn esta secci\u00f3n encontrar\u00e1s todos nuestros documentos descargables, incluyendo gu\u00edas, detalles de los planes de seguro y PDFs \u00fatiles.\nYa sea que est\u00e9s explorando tus opciones o prepar\u00e1ndote para inscribirte, estos archivos est\u00e1n aqu\u00ed para ayudarte.<\/p><\/div><\/div>\n<\/div><\/div>\n\n\n\n<p><\/p>\n\n\n\n<div class=\"wp-block-uagb-container uagb-block-59d6579b alignfull uagb-is-root-container\"><div class=\"uagb-container-inner-blocks-wrap\">\n<div class=\"wp-block-uagb-container uagb-block-9efe9f02\">\n<div class=\"wp-block-uagb-info-box uagb-block-a03ffcba uagb-infobox__content-wrap  uagb-infobox-icon-above-title uagb-infobox-image-valign-top wp-block-uagb-info-box--has-margin\"><div class=\"uagb-infobox-margin-wrapper\"><div class=\"uagb-ifb-content\"><div class=\"uagb-ifb-title-wrap\"><h3 class=\"uagb-ifb-title\">Medicare &amp; You 2025<\/h3><\/div><p class=\"uagb-ifb-desc\">Esta gu\u00eda oficial explica la cobertura, los costos y las actualizaciones m\u00e1s importantes.\nIdeal para beneficiarios nuevos y actuales.<\/p><\/div><\/div><\/div>\n\n\n\n<div data-wp-interactive=\"core\/file\" class=\"wp-block-file\"><object data-wp-bind--hidden=\"!state.hasPdfPreview\" hidden class=\"wp-block-file__embed\" data=\"https:\/\/srtrustinsurance.com\/wp-content\/uploads\/2025\/05\/10050-medicare-and-you_0.pdf\" type=\"application\/pdf\" style=\"width:100%;height:200px\" aria-label=\"Incrustado de 10050-medicare-and-you_0.\"><\/object><a id=\"wp-block-file--media-db05d819-39e5-4c85-8aa8-8d268da442ce\" href=\"https:\/\/srtrustinsurance.com\/wp-content\/uploads\/2025\/05\/10050-medicare-and-you_0.pdf\">10050-medicare-and-you_0<\/a><a href=\"https:\/\/srtrustinsurance.com\/wp-content\/uploads\/2025\/05\/10050-medicare-and-you_0.pdf\" class=\"wp-block-file__button wp-element-button\" download aria-describedby=\"wp-block-file--media-db05d819-39e5-4c85-8aa8-8d268da442ce\">Descarga<\/a><\/div>\n<\/div>\n\n\n\n<div class=\"wp-block-uagb-container uagb-block-ac4c4fab\"><\/div>\n\n\n\n<div class=\"wp-block-uagb-container uagb-block-3325ecb7\"><\/div>\n\n\n\n<div class=\"wp-block-uagb-container uagb-block-3a40b194\"><\/div>\n\n\n\n<div class=\"wp-block-uagb-container uagb-block-0e3b6664\"><\/div>\n\n\n\n<div class=\"wp-block-uagb-container uagb-block-b19f077d\"><\/div>\n<\/div><\/div>","protected":false},"excerpt":{"rendered":"","protected":false},"author":1,"featured_media":0,"parent":0,"menu_order":0,"comment_status":"closed","ping_status":"closed","template":"","meta":{"_uag_custom_page_level_css":"","site-sidebar-layout":"no-sidebar","site-content-layout":"plain-container","ast-site-content-layout":"normal-width-container","site-content-style":"unboxed","site-sidebar-style":"unboxed","ast-global-header-display":"","ast-banner-title-visibility":"","ast-main-header-display":"","ast-hfb-above-header-display":"","ast-hfb-below-header-display":"","ast-hfb-mobile-header-display":"","site-post-title":"disabled","ast-breadcrumbs-content":"","ast-featured-img":"disabled","footer-sml-layout":"","ast-disable-related-posts":"","theme-transparent-header-meta":"enabled","adv-header-id-meta":"","stick-header-meta":"","header-above-stick-meta":"","header-main-stick-meta":"","header-below-stick-meta":"","astra-migrate-meta-layouts":"set","ast-page-background-enabled":"default","ast-page-background-meta":{"desktop":{"background-color":"var(--ast-global-color-4)","background-image":"","background-repeat":"repeat","background-position":"center center","background-size":"auto","background-attachment":"scroll","background-type":"","background-media":"","overlay-type":"","overlay-color":"","overlay-opacity":"","overlay-gradient":""},"tablet":{"background-color":"","background-image":"","background-repeat":"repeat","background-position":"center center","background-size":"auto","background-attachment":"scroll","background-type":"","background-media":"","overlay-type":"","overlay-color":"","overlay-opacity":"","overlay-gradient":""},"mobile":{"background-color":"","background-image":"","background-repeat":"repeat","background-position":"center center","background-size":"auto","background-attachment":"scroll","background-type":"","background-media":"","overlay-type":"","overlay-color":"","overlay-opacity":"","overlay-gradient":""}},"ast-content-background-meta":{"desktop":{"background-color":"var(--ast-global-color-5)","background-image":"","background-repeat":"repeat","background-position":"center center","background-size":"auto","background-attachment":"scroll","background-type":"","background-media":"","overlay-type":"","overlay-color":"","overlay-opacity":"","overlay-gradient":""},"tablet":{"background-color":"var(--ast-global-color-5)","background-image":"","background-repeat":"repeat","background-position":"center center","background-size":"auto","background-attachment":"scroll","background-type":"","background-media":"","overlay-type":"","overlay-color":"","overlay-opacity":"","overlay-gradient":""},"mobile":{"background-color":"var(--ast-global-color-5)","background-image":"","background-repeat":"repeat","background-position":"center center","background-size":"auto","background-attachment":"scroll","background-type":"","background-media":"","overlay-type":"","overlay-color":"","overlay-opacity":"","overlay-gradient":""}},"footnotes":""},"class_list":["post-12","page","type-page","status-publish","hentry"],"aioseo_notices":[],"uagb_featured_image_src":{"full":false,"thumbnail":false,"medium":false,"medium_large":false,"large":false,"1536x1536":false,"2048x2048":false,"trp-custom-language-flag":false},"uagb_author_info":{"display_name":"celgrande@gmail.com","author_link":"https:\/\/srtrustinsurance.com\/es\/author\/celgrandegmail-com\/"},"uagb_comment_info":0,"uagb_excerpt":null,"_links":{"self":[{"href":"https:\/\/srtrustinsurance.com\/es\/wp-json\/wp\/v2\/pages\/12","targetHints":{"allow":["GET"]}}],"collection":[{"href":"https:\/\/srtrustinsurance.com\/es\/wp-json\/wp\/v2\/pages"}],"about":[{"href":"https:\/\/srtrustinsurance.com\/es\/wp-json\/wp\/v2\/types\/page"}],"author":[{"embeddable":true,"href":"https:\/\/srtrustinsurance.com\/es\/wp-json\/wp\/v2\/users\/1"}],"replies":[{"embeddable":true,"href":"https:\/\/srtrustinsurance.com\/es\/wp-json\/wp\/v2\/comments?post=12"}],"version-history":[{"count":42,"href":"https:\/\/srtrustinsurance.com\/es\/wp-json\/wp\/v2\/pages\/12\/revisions"}],"predecessor-version":[{"id":2669,"href":"https:\/\/srtrustinsurance.com\/es\/wp-json\/wp\/v2\/pages\/12\/revisions\/2669"}],"wp:attachment":[{"href":"https:\/\/srtrustinsurance.com\/es\/wp-json\/wp\/v2\/media?parent=12"}],"curies":[{"name":"wp","href":"https:\/\/api.w.org\/{rel}","templated":true}]}}